{"id":297,"date":"2018-09-30T20:55:23","date_gmt":"2018-09-30T18:55:23","guid":{"rendered":"http:\/\/www.leguidedachatdesvins.eu\/fr\/?post_type=product&#038;p=297"},"modified":"2018-10-29T21:00:14","modified_gmt":"2018-10-29T20:00:14","slug":"cotes-du-rhone-brezeme-2016-charles-helfenbeim","status":"publish","type":"product","link":"http:\/\/www.leguidedachatdesvins.eu\/fr\/product\/cotes-du-rhone-brezeme-2016-charles-helfenbeim\/","title":{"rendered":"C\u00f4tes du Rh\u00f4ne Br\u00e9z\u00e8me 2016, Charles Helfenbeim"},"content":{"rendered":"<p>A la limite Dr\u00f4me-Ard\u00e8che, entre Valence et Mont\u00e9limar, cette appellation m\u00e9connue est la plus m\u00e9ridionale des vins du Rh\u00f4ne septentrionaux.<\/p>\n<p>La syrah se pla\u00eet \u00e0 d\u00e9j\u00e0 pointer ses saveurs vers le sud tout en gardant son caract\u00e8re nordique.<\/p>\n<p>Des fruits noirs, une belle concentration pour ce rouge \u00e0 boire avec du gibier \u00e0 poils (daube de marcassin). .<\/p>\n<p>4-5 ans de garde A boire vers 17-18\u00b0.<\/p>\n<p>Cotation\u00a0 : 16\/20<\/p>\n<p>C\u00f4tes du Rh\u00f4ne Br\u00e9z\u00e8me<\/p>\n<p>Vall\u00e9e du Rh\u00f4ne septentrionale<\/p>\n<p>Vendu chez\u00a0: Cora\u00a0\u00a0 Prix\u00a0: 14,99\u00a0\u00a0 <strong>Promo\u00a0: 12,59\u20ac<\/strong><\/p>\n","protected":false},"excerpt":{"rendered":"<p>A la limite Dr\u00f4me-Ard\u00e8che, entre Valence et Mont\u00e9limar, cette appellation m\u00e9connue est la plus m\u00e9ridionale des vins du Rh\u00f4ne septentrionaux. La syrah se pla\u00eet \u00e0 d\u00e9j\u00e0 pointer ses saveurs vers&#8230; <a class=\"read-more\" href=\"http:\/\/www.leguidedachatdesvins.eu\/fr\/product\/cotes-du-rhone-brezeme-2016-charles-helfenbeim\/\">[Continuer la lecture]<\/a><\/p>\n","protected":false},"featured_media":298,"template":"","meta":{"_exactmetrics_skip_tracking":false,"_exactmetrics_sitenote_active":false,"_exactmetrics_sitenote_note":"","_exactmetrics_sitenote_category":0},"class_list":["post-297","product","type-product","status-publish","has-post-thumbnail","hentry","product_cat-le-retour-des-foires-aux-vins"],"_links":{"self":[{"href":"http:\/\/www.leguidedachatdesvins.eu\/fr\/wp-json\/wp\/v2\/product\/297","targetHints":{"allow":["GET"]}}],"collection":[{"href":"http:\/\/www.leguidedachatdesvins.eu\/fr\/wp-json\/wp\/v2\/product"}],"about":[{"href":"http:\/\/www.leguidedachatdesvins.eu\/fr\/wp-json\/wp\/v2\/types\/product"}],"wp:featuredmedia":[{"embeddable":true,"href":"http:\/\/www.leguidedachatdesvins.eu\/fr\/wp-json\/wp\/v2\/media\/298"}],"wp:attachment":[{"href":"http:\/\/www.leguidedachatdesvins.eu\/fr\/wp-json\/wp\/v2\/media?parent=297"}],"curies":[{"name":"wp","href":"https:\/\/api.w.org\/{rel}","templated":true}]}}