{"id":28,"date":"2018-09-08T17:09:58","date_gmt":"2018-09-08T15:09:58","guid":{"rendered":"http:\/\/www.leguidedachatdesvins.eu\/fr\/?page_id=28"},"modified":"2023-02-27T12:59:28","modified_gmt":"2023-02-27T11:59:28","slug":"a-propos-de","status":"publish","type":"page","link":"http:\/\/www.leguidedachatdesvins.eu\/fr\/a-propos-de\/","title":{"rendered":"Qui sommes-nous ?"},"content":{"rendered":"\n<figure class=\"wp-block-image\"><img loading=\"lazy\" decoding=\"async\" width=\"3458\" height=\"2274\" src=\"http:\/\/www.leguidedachatdesvins.eu\/fr\/wp-content\/uploads\/2018\/09\/JG-et-PF-site-www.leguidedachatdesvinsbe.jpg\" alt=\"\" class=\"wp-image-57\" srcset=\"http:\/\/www.leguidedachatdesvins.eu\/fr\/wp-content\/uploads\/2018\/09\/JG-et-PF-site-www.leguidedachatdesvinsbe.jpg 3458w, http:\/\/www.leguidedachatdesvins.eu\/fr\/wp-content\/uploads\/2018\/09\/JG-et-PF-site-www.leguidedachatdesvinsbe-270x178.jpg 270w, http:\/\/www.leguidedachatdesvins.eu\/fr\/wp-content\/uploads\/2018\/09\/JG-et-PF-site-www.leguidedachatdesvinsbe-300x197.jpg 300w, http:\/\/www.leguidedachatdesvins.eu\/fr\/wp-content\/uploads\/2018\/09\/JG-et-PF-site-www.leguidedachatdesvinsbe-768x505.jpg 768w, http:\/\/www.leguidedachatdesvins.eu\/fr\/wp-content\/uploads\/2018\/09\/JG-et-PF-site-www.leguidedachatdesvinsbe-1024x673.jpg 1024w\" sizes=\"auto, (max-width: 3458px) 100vw, 3458px\" \/><\/figure>\n\n\n<p><strong>Jacques Giers<\/strong><\/p>\n<p>Parcourt les vignobles depuis de nombreuses ann\u00e9es. Journaliste vin et gastronomie, il a collabor\u00e9 ou collabore \u00e0 plusieurs revues belges et fran\u00e7aises dans le monde du vin. Chroniqueur gastronomique pour le Vif Week-End et pour L&#8217;Usine Entreprise, \u00e9galement auteur du &#8220;&#8221;Petit Guide des Vins&#8221;&#8221; publi\u00e9 dans le Guide Delta. Il anime \u00e9galement des soir\u00e9es de d\u00e9gustation et de technique de d\u00e9gustation.<\/p>\n<p><strong>Patrick Fi\u00e8vez<\/strong><\/p>\n<p>Un des journalistes belges les plus reconnus dans le monde du vin tant en Belgique qu&#8217;\u00e0 l&#8217;\u00e9tranger. Une longue exp\u00e9rience lui permet de d\u00e9tecter sans h\u00e9sitation le vin authentique qui plaira \u00e0 l&#8217;amateur. Auteur \u00e9galement de diff\u00e9rents ouvrages sur le vin et titulaire de plusieurs r\u00e9compenses, il tient notamment la rubrique vin pour Femmes d&#8217;Aujourd&#8217;hui et collabore \u00e0 la chronique gastronomie dans L&#8217;Echo et son magazine Sabato.<\/p>\n<p><strong>Thierry Hanon-Degroote<\/strong><\/p>\n<p>Menant de front ses trois passions : l&#8217;informatique, le vin et l&#8217;astronomie; apr\u00e8s une incursion de quelques ann\u00e9es dans le monde professionnel du vin et quelques concours, il s&#8217;associe aux deux complices ci-dessus comme &#8220;l&#8217;homme de l&#8217;ombre&#8221; de ce site.<\/p>\n<p><strong>Renaat Brenard<\/strong><\/p>\n<p>Amateur de vin et de voyages. S&#8217;int\u00e9resse depuis de longues ann\u00e9es au monde du vin. A suivi des cours de d\u00e9gustation dont un cursus \u00e0 l&#8217;Ecole du Vin \u00e0 Beaune. Sa fonction de traducteur du site (version NL) joint l&#8217;utile \u00e0 l&#8217;agr\u00e9able, la communication et la passion.<\/p>\n\n\n<h2 class=\"wp-block-heading\">Vous d\u00e9sirez \u00eatre inform\u00e9 par nos nouvelles ? <\/h2>\n\n\n\n<p>Pas de soucis, cela reste gratuit, mais vu les nombreuses cyberattaques auxquelles nous devons faire face, nous avons relev\u00e9 le niveau de protection du site. <br><br> Pour devenir un abonn\u00e9 privilig\u00e9 de notre newsletter, il faut d\u00e9sormais envoyer un mail \u00e0 la mailbox : <a href=\"mailto:becomeamember(@)leguidedachatdesvins.eu\">becomeamember(@)leguidedachatdesvins.eu<\/a><\/p>\n\n\n\n<p>Apr\u00e8s v\u00e9rification de votre (v\u00e9ritable) status de &#8220;\u00eatre humain&#8221;&#8230; Vous serez abonn\u00e9 et recevrez nos nouvelles en priorit\u00e9.  <\/p>\n","protected":false},"excerpt":{"rendered":"<p>Jacques Giers Parcourt les vignobles depuis de nombreuses ann\u00e9es. Journaliste vin et gastronomie, il a collabor\u00e9 ou collabore \u00e0 plusieurs revues belges et fran\u00e7aises dans le monde du vin. Chroniqueur&#8230; <a class=\"read-more\" href=\"http:\/\/www.leguidedachatdesvins.eu\/fr\/a-propos-de\/\">[Continuer la lecture]<\/a><\/p>\n","protected":false},"author":1,"featured_media":57,"parent":0,"menu_order":0,"comment_status":"closed","ping_status":"closed","template":"","meta":{"_exactmetrics_skip_tracking":false,"_exactmetrics_sitenote_active":false,"_exactmetrics_sitenote_note":"","_exactmetrics_sitenote_category":0,"footnotes":""},"class_list":["post-28","page","type-page","status-publish","has-post-thumbnail","hentry"],"_links":{"self":[{"href":"http:\/\/www.leguidedachatdesvins.eu\/fr\/wp-json\/wp\/v2\/pages\/28","targetHints":{"allow":["GET"]}}],"collection":[{"href":"http:\/\/www.leguidedachatdesvins.eu\/fr\/wp-json\/wp\/v2\/pages"}],"about":[{"href":"http:\/\/www.leguidedachatdesvins.eu\/fr\/wp-json\/wp\/v2\/types\/page"}],"author":[{"embeddable":true,"href":"http:\/\/www.leguidedachatdesvins.eu\/fr\/wp-json\/wp\/v2\/users\/1"}],"replies":[{"embeddable":true,"href":"http:\/\/www.leguidedachatdesvins.eu\/fr\/wp-json\/wp\/v2\/comments?post=28"}],"version-history":[{"count":7,"href":"http:\/\/www.leguidedachatdesvins.eu\/fr\/wp-json\/wp\/v2\/pages\/28\/revisions"}],"predecessor-version":[{"id":4860,"href":"http:\/\/www.leguidedachatdesvins.eu\/fr\/wp-json\/wp\/v2\/pages\/28\/revisions\/4860"}],"wp:featuredmedia":[{"embeddable":true,"href":"http:\/\/www.leguidedachatdesvins.eu\/fr\/wp-json\/wp\/v2\/media\/57"}],"wp:attachment":[{"href":"http:\/\/www.leguidedachatdesvins.eu\/fr\/wp-json\/wp\/v2\/media?parent=28"}],"curies":[{"name":"wp","href":"https:\/\/api.w.org\/{rel}","templated":true}]}}